{"id":556,"date":"2022-10-26T07:45:36","date_gmt":"2022-10-26T07:45:36","guid":{"rendered":"https:\/\/anissahealthcoaching.de\/impressum\/"},"modified":"2022-10-26T19:05:18","modified_gmt":"2022-10-26T19:05:18","slug":"impressum","status":"publish","type":"page","link":"https:\/\/anissahealthcoaching.de\/en\/impressum\/","title":{"rendered":"Impressum"},"content":{"rendered":"\n<h1>IMPRESSUM<\/h1>\n\n<p>Inhaltlich verantwortlich gem\u00e4\u00df \u00a7 6 MDStV:<br\/>Ani\u00dfa Nowak<br\/>Rosenstr. 10  <br\/>25336 Elmshorn<\/p>\n\n<p>Kontakt<br\/>info@anissahealthcoaching.de<br\/>+49 173 1041915<\/p>\n\n<p>Haftungshinweis:<br\/>Trotz sorgf\u00e4ltiger Kontrolle \u00fcbernehme ich keine Haftung f\u00fcr die Inhalte fremder Websites, auf die direkt oder indirekt verwiesen wird. F\u00fcr deren Inhalt sind ausschlie\u00dflich deren Betreiber verantwortlich.<\/p>\n","protected":false},"excerpt":{"rendered":"<p>IMPRESSUM Inhaltlich verantwortlich gem\u00e4\u00df \u00a7 6 MDStV:Ani\u00dfa NowakRosenstr. 10 25336 Elmshorn Kontaktinfo@anissahealthcoaching.de+49 173 1041915 Haftungshinweis:Trotz sorgf\u00e4ltiger Kontrolle \u00fcbernehme ich keine Haftung f\u00fcr die Inhalte fremder Websites, auf die direkt oder indirekt verwiesen wird. F\u00fcr deren Inhalt sind ausschlie\u00dflich deren Betreiber verantwortlich.<\/p>\n","protected":false},"author":1,"featured_media":0,"parent":0,"menu_order":0,"comment_status":"closed","ping_status":"closed","template":"","meta":[],"yoast_head":"<!-- This site is optimized with the Yoast SEO plugin v21.1 - https:\/\/yoast.com\/wordpress\/plugins\/seo\/ -->\n<title>Impressum - Ani\u00dfa Health Coaching<\/title>\n<meta name=\"robots\" content=\"index, follow, max-snippet:-1, max-image-preview:large, max-video-preview:-1\" \/>\n<link rel=\"canonical\" href=\"https:\/\/anissahealthcoaching.de\/en\/impressum\/\" \/>\n<meta property=\"og:locale\" content=\"en_US\" \/>\n<meta property=\"og:type\" content=\"article\" \/>\n<meta property=\"og:title\" content=\"Impressum - Ani\u00dfa Health Coaching\" \/>\n<meta property=\"og:description\" content=\"IMPRESSUM Inhaltlich verantwortlich gem\u00e4\u00df \u00a7 6 MDStV:Ani\u00dfa NowakRosenstr. 10 25336 Elmshorn Kontaktinfo@anissahealthcoaching.de+49 173 1041915 Haftungshinweis:Trotz sorgf\u00e4ltiger Kontrolle \u00fcbernehme ich keine Haftung f\u00fcr die Inhalte fremder Websites, auf die direkt oder indirekt verwiesen wird. F\u00fcr deren Inhalt sind ausschlie\u00dflich deren Betreiber verantwortlich.\" \/>\n<meta property=\"og:url\" content=\"https:\/\/anissahealthcoaching.de\/en\/impressum\/\" \/>\n<meta property=\"og:site_name\" content=\"Ani\u00dfa Health Coaching\" \/>\n<meta property=\"article:modified_time\" content=\"2022-10-26T19:05:18+00:00\" \/>\n<meta name=\"twitter:card\" content=\"summary_large_image\" \/>\n<script type=\"application\/ld+json\" class=\"yoast-schema-graph\">{\"@context\":\"https:\/\/schema.org\",\"@graph\":[{\"@type\":\"WebPage\",\"@id\":\"https:\/\/anissahealthcoaching.de\/en\/impressum\/\",\"url\":\"https:\/\/anissahealthcoaching.de\/en\/impressum\/\",\"name\":\"Impressum - Ani\u00dfa Health Coaching\",\"isPartOf\":{\"@id\":\"https:\/\/anissahealthcoaching.de\/#website\"},\"datePublished\":\"2022-10-26T07:45:36+00:00\",\"dateModified\":\"2022-10-26T19:05:18+00:00\",\"breadcrumb\":{\"@id\":\"https:\/\/anissahealthcoaching.de\/en\/impressum\/#breadcrumb\"},\"inLanguage\":\"en-US\",\"potentialAction\":[{\"@type\":\"ReadAction\",\"target\":[\"https:\/\/anissahealthcoaching.de\/en\/impressum\/\"]}]},{\"@type\":\"BreadcrumbList\",\"@id\":\"https:\/\/anissahealthcoaching.de\/en\/impressum\/#breadcrumb\",\"itemListElement\":[{\"@type\":\"ListItem\",\"position\":1,\"name\":\"Home\",\"item\":\"https:\/\/anissahealthcoaching.de\/\"},{\"@type\":\"ListItem\",\"position\":2,\"name\":\"Impressum\"}]},{\"@type\":\"WebSite\",\"@id\":\"https:\/\/anissahealthcoaching.de\/#website\",\"url\":\"https:\/\/anissahealthcoaching.de\/\",\"name\":\"Ani\u00dfa Health Coaching\",\"description\":\"\",\"publisher\":{\"@id\":\"https:\/\/anissahealthcoaching.de\/#organization\"},\"potentialAction\":[{\"@type\":\"SearchAction\",\"target\":{\"@type\":\"EntryPoint\",\"urlTemplate\":\"https:\/\/anissahealthcoaching.de\/?s={search_term_string}\"},\"query-input\":\"required name=search_term_string\"}],\"inLanguage\":\"en-US\"},{\"@type\":\"Organization\",\"@id\":\"https:\/\/anissahealthcoaching.de\/#organization\",\"name\":\"Ani\u00dfa Health Coaching\",\"url\":\"https:\/\/anissahealthcoaching.de\/\",\"logo\":{\"@type\":\"ImageObject\",\"inLanguage\":\"en-US\",\"@id\":\"https:\/\/anissahealthcoaching.de\/#\/schema\/logo\/image\/\",\"url\":\"https:\/\/anissahealthcoaching.de\/wp-content\/uploads\/2021\/04\/Logo.png\",\"contentUrl\":\"https:\/\/anissahealthcoaching.de\/wp-content\/uploads\/2021\/04\/Logo.png\",\"width\":181,\"height\":72,\"caption\":\"Ani\u00dfa Health Coaching\"},\"image\":{\"@id\":\"https:\/\/anissahealthcoaching.de\/#\/schema\/logo\/image\/\"}}]}<\/script>\n<!-- \/ Yoast SEO plugin. -->","yoast_head_json":{"title":"Impressum - Ani\u00dfa Health Coaching","robots":{"index":"index","follow":"follow","max-snippet":"max-snippet:-1","max-image-preview":"max-image-preview:large","max-video-preview":"max-video-preview:-1"},"canonical":"https:\/\/anissahealthcoaching.de\/en\/impressum\/","og_locale":"en_US","og_type":"article","og_title":"Impressum - Ani\u00dfa Health Coaching","og_description":"IMPRESSUM Inhaltlich verantwortlich gem\u00e4\u00df \u00a7 6 MDStV:Ani\u00dfa NowakRosenstr. 10 25336 Elmshorn Kontaktinfo@anissahealthcoaching.de+49 173 1041915 Haftungshinweis:Trotz sorgf\u00e4ltiger Kontrolle \u00fcbernehme ich keine Haftung f\u00fcr die Inhalte fremder Websites, auf die direkt oder indirekt verwiesen wird. F\u00fcr deren Inhalt sind ausschlie\u00dflich deren Betreiber verantwortlich.","og_url":"https:\/\/anissahealthcoaching.de\/en\/impressum\/","og_site_name":"Ani\u00dfa Health Coaching","article_modified_time":"2022-10-26T19:05:18+00:00","twitter_card":"summary_large_image","schema":{"@context":"https:\/\/schema.org","@graph":[{"@type":"WebPage","@id":"https:\/\/anissahealthcoaching.de\/en\/impressum\/","url":"https:\/\/anissahealthcoaching.de\/en\/impressum\/","name":"Impressum - Ani\u00dfa Health Coaching","isPartOf":{"@id":"https:\/\/anissahealthcoaching.de\/#website"},"datePublished":"2022-10-26T07:45:36+00:00","dateModified":"2022-10-26T19:05:18+00:00","breadcrumb":{"@id":"https:\/\/anissahealthcoaching.de\/en\/impressum\/#breadcrumb"},"inLanguage":"en-US","potentialAction":[{"@type":"ReadAction","target":["https:\/\/anissahealthcoaching.de\/en\/impressum\/"]}]},{"@type":"BreadcrumbList","@id":"https:\/\/anissahealthcoaching.de\/en\/impressum\/#breadcrumb","itemListElement":[{"@type":"ListItem","position":1,"name":"Home","item":"https:\/\/anissahealthcoaching.de\/"},{"@type":"ListItem","position":2,"name":"Impressum"}]},{"@type":"WebSite","@id":"https:\/\/anissahealthcoaching.de\/#website","url":"https:\/\/anissahealthcoaching.de\/","name":"Ani\u00dfa Health Coaching","description":"","publisher":{"@id":"https:\/\/anissahealthcoaching.de\/#organization"},"potentialAction":[{"@type":"SearchAction","target":{"@type":"EntryPoint","urlTemplate":"https:\/\/anissahealthcoaching.de\/?s={search_term_string}"},"query-input":"required name=search_term_string"}],"inLanguage":"en-US"},{"@type":"Organization","@id":"https:\/\/anissahealthcoaching.de\/#organization","name":"Ani\u00dfa Health Coaching","url":"https:\/\/anissahealthcoaching.de\/","logo":{"@type":"ImageObject","inLanguage":"en-US","@id":"https:\/\/anissahealthcoaching.de\/#\/schema\/logo\/image\/","url":"https:\/\/anissahealthcoaching.de\/wp-content\/uploads\/2021\/04\/Logo.png","contentUrl":"https:\/\/anissahealthcoaching.de\/wp-content\/uploads\/2021\/04\/Logo.png","width":181,"height":72,"caption":"Ani\u00dfa Health Coaching"},"image":{"@id":"https:\/\/anissahealthcoaching.de\/#\/schema\/logo\/image\/"}}]}},"_links":{"self":[{"href":"https:\/\/anissahealthcoaching.de\/en\/wp-json\/wp\/v2\/pages\/556"}],"collection":[{"href":"https:\/\/anissahealthcoaching.de\/en\/wp-json\/wp\/v2\/pages"}],"about":[{"href":"https:\/\/anissahealthcoaching.de\/en\/wp-json\/wp\/v2\/types\/page"}],"author":[{"embeddable":true,"href":"https:\/\/anissahealthcoaching.de\/en\/wp-json\/wp\/v2\/users\/1"}],"replies":[{"embeddable":true,"href":"https:\/\/anissahealthcoaching.de\/en\/wp-json\/wp\/v2\/comments?post=556"}],"version-history":[{"count":5,"href":"https:\/\/anissahealthcoaching.de\/en\/wp-json\/wp\/v2\/pages\/556\/revisions"}],"predecessor-version":[{"id":572,"href":"https:\/\/anissahealthcoaching.de\/en\/wp-json\/wp\/v2\/pages\/556\/revisions\/572"}],"wp:attachment":[{"href":"https:\/\/anissahealthcoaching.de\/en\/wp-json\/wp\/v2\/media?parent=556"}],"curies":[{"name":"wp","href":"https:\/\/api.w.org\/{rel}","templated":true}]}}