{"id":562,"date":"2022-04-05T20:25:17","date_gmt":"2022-04-05T20:25:17","guid":{"rendered":"https:\/\/anissahealthcoaching.de\/empfehlungen\/"},"modified":"2025-09-28T14:23:37","modified_gmt":"2025-09-28T14:23:37","slug":"empfehlungen","status":"publish","type":"page","link":"https:\/\/anissahealthcoaching.de\/en\/empfehlungen\/","title":{"rendered":"Empfehlungen"},"content":{"rendered":"\r\n<p>Auf dieser Seite findet ihr meine pers\u00f6nlichen Empfehlungen, sowie die M\u00f6glichkeit einen Termin mit mir zu vereinbaren.<\/p>\r\n\r\n\r\n\r\n\r\n\r\n<p class=\"has-medium-font-size\">\u00a0<\/p>\r\n<p class=\"has-medium-font-size\"><strong><span class=\"has-inline-color\" style=\"color: #7ca793;\"><a href=\"https:\/\/anissahealthcoaching.de\/kontakt\/\">Discovery-Call vereinbaren<\/a><\/span><\/strong><\/p>\r\n\r\n\r\n<hr class=\"wp-block-separator has-css-opacity is-style-wide\" \/>\r\n<p>&nbsp;<\/p>\r\n\r\n<h1 class=\"has-large-font-size\"><strong><span class=\"has-inline-color\" style=\"color: #7ca793;\">Discounts und Rabatte:<\/span><\/strong><\/h1>\r\n\r\n\r\n\r\n<p class=\"has-medium-font-size\"><a href=\"https:\/\/www.norsan.de\/produkte\/omega-3-vegan-produkte\/\">Norsan &#8211; Omega-3 \u00d6l<\/a><\/p>\r\n\r\n\r\n\r\n<p class=\"has-pale-pink-color has-text-color\">Auf Erstbestellung 15% Rabatt mit Code: <strong>EN580<\/strong><\/p>\r\n\r\n\r\n<hr class=\"wp-block-separator has-css-opacity is-style-wide\" \/>\r\n\r\n\r\n<h1 class=\"has-medium-font-size\"><a href=\"https:\/\/naturtreu.de?sca_ref=2679312.b37ClIChDf\">Naturtreu<\/a><\/h1>\r\n<p class=\"has-medium-font-size\"><a href=\"http:\/\/natchlabs.refr.cc\/anissan\" target=\"_blank\" rel=\"noreferrer noopener sponsored nofollow\">\r\n\r\n<\/a><\/p>\r\n<p class=\"has-pale-pink-color has-text-color\">Auf Erstbestellung 10% Rabatt mit Code: UPPR-AHC10<\/p>\r\n<p>Auf Folgebestellung 5% Rabatt mit Code: UPPR-AHC5<\/p>\r\n<p class=\"has-medium-font-size\"><a href=\"http:\/\/natchlabs.refr.cc\/anissan\" target=\"_blank\" rel=\"noreferrer noopener sponsored nofollow\">\r\n\r\n<\/a><\/p>\r\n<hr class=\"wp-block-separator has-css-opacity is-style-wide\" \/>\r\n<p class=\"has-medium-font-size\"><a href=\"http:\/\/natchlabs.refr.cc\/anissan\" target=\"_blank\" rel=\"noreferrer noopener sponsored nofollow\">Natch &#8211; Zahnpasta-Tabs <\/a><a href=\"http:\/\/natchlabs.refr.cc\/anissan\" rel=\"sponsored nofollow\">10% <\/a><a href=\"http:\/\/natchlabs.refr.cc\/anissan\" rel=\"nofollow\">Discount<\/a><\/p>\r\n\r\n\r\n<hr class=\"wp-block-separator has-css-opacity is-style-wide\" \/>\r\n\r\n\r\n<p class=\"has-medium-font-size\"><a href=\"https:\/\/www.kaufnekuh.de\/de\" target=\"_blank\" rel=\"noreferrer noopener\">Kauf Ne Kuh &#8211; Qualit\u00e4tsfleisch<\/a>:<\/p>\r\n\r\n\r\n\r\n<p class=\"has-pale-pink-color has-text-color\">5\u20ac Gutschein-Code auf Erstbestellung: AHC10<\/p>\r\n\r\n\r\n<hr class=\"wp-block-separator has-css-opacity is-style-wide\" \/>\r\n\r\n\r\n<p class=\"has-medium-font-size\"><a href=\"http:\/\/www.everydays.de\/?ref=anissanowak\" target=\"_blank\" rel=\"noreferrer noopener\">Everydays &#8211; Probiotika und Supplements nach Human Pattern<\/a><\/p>\r\n\r\n\r\n\r\n<p class=\"has-pale-pink-color has-text-color\">10% Rabatt-Code: AHC<\/p>\r\n\r\n\r\n<hr class=\"wp-block-separator has-css-opacity is-style-wide\" \/>\r\n\r\n\r\n<p class=\"has-medium-font-size\"><a href=\"https:\/\/no-coffee.de\/?ref=AHC\" target=\"_blank\" rel=\"noreferrer noopener\">No-Coffee &#8211; Koffeinfreier Kaffee, der schmeckt<\/a><\/p>\r\n\r\n\r\n\r\n<p class=\"has-pale-pink-color has-text-color\">15% Rabatt-Code: ani\u00dfa15<\/p>\r\n\r\n\r\n<hr class=\"wp-block-separator has-css-opacity is-style-wide\" \/>\r\n\r\n\r\n<p class=\"has-medium-font-size\"><a href=\"https:\/\/mitocare.de\" target=\"_blank\" rel=\"noreferrer noopener\">MitoCare- Nahrungserg\u00e4nzung<\/a><\/p>\r\n\r\n\r\n\r\n<p class=\"has-pale-pink-color has-text-color\">5\u20ac Gutschein-Code: V2617<\/p>\r\n\r\n\r\n\r\n<p>&nbsp;<\/p>\r\n\r\n\r\n\r\n<p>&nbsp;<\/p>\r\n","protected":false},"excerpt":{"rendered":"<p>Auf dieser Seite findet ihr meine pers\u00f6nlichen Empfehlungen, sowie die M\u00f6glichkeit einen Termin mit mir zu vereinbaren. &nbsp; Discounts und Rabatte: Norsan &#8211; Omega-3 \u00d6l Auf Erstbestellung 15% Rabatt mit Code: EN580 Auf Erstbestellung 10% Rabatt mit Code: UPPR-AHC10 Auf Folgebestellung 5% Rabatt mit Code: UPPR-AHC5 Kauf Ne Kuh &#8211; Qualit\u00e4tsfleisch: 5\u20ac Gutschein-Code auf Erstbestellung: [&hellip;]<\/p>\n","protected":false},"author":1,"featured_media":0,"parent":0,"menu_order":0,"comment_status":"closed","ping_status":"closed","template":"","meta":[],"yoast_head":"<!-- This site is optimized with the Yoast SEO plugin v21.1 - https:\/\/yoast.com\/wordpress\/plugins\/seo\/ -->\n<title>Empfehlungen - Ani\u00dfa Health Coaching<\/title>\n<meta name=\"robots\" content=\"index, follow, max-snippet:-1, max-image-preview:large, max-video-preview:-1\" \/>\n<link rel=\"canonical\" href=\"https:\/\/anissahealthcoaching.de\/en\/empfehlungen\/\" \/>\n<meta property=\"og:locale\" content=\"en_US\" \/>\n<meta property=\"og:type\" content=\"article\" \/>\n<meta property=\"og:title\" content=\"Empfehlungen - Ani\u00dfa Health Coaching\" \/>\n<meta property=\"og:description\" content=\"Auf dieser Seite findet ihr meine pers\u00f6nlichen Empfehlungen, sowie die M\u00f6glichkeit einen Termin mit mir zu vereinbaren. &nbsp; Discounts und Rabatte: Norsan &#8211; Omega-3 \u00d6l Auf Erstbestellung 15% Rabatt mit Code: EN580 Auf Erstbestellung 10% Rabatt mit Code: UPPR-AHC10 Auf Folgebestellung 5% Rabatt mit Code: UPPR-AHC5 Kauf Ne Kuh &#8211; Qualit\u00e4tsfleisch: 5\u20ac Gutschein-Code auf Erstbestellung: [&hellip;]\" \/>\n<meta property=\"og:url\" content=\"https:\/\/anissahealthcoaching.de\/en\/empfehlungen\/\" \/>\n<meta property=\"og:site_name\" content=\"Ani\u00dfa Health Coaching\" \/>\n<meta property=\"article:modified_time\" content=\"2025-09-28T14:23:37+00:00\" \/>\n<meta name=\"twitter:card\" content=\"summary_large_image\" \/>\n<meta name=\"twitter:label1\" content=\"Est. reading time\" \/>\n\t<meta name=\"twitter:data1\" content=\"1 minute\" \/>\n<script type=\"application\/ld+json\" class=\"yoast-schema-graph\">{\"@context\":\"https:\/\/schema.org\",\"@graph\":[{\"@type\":\"WebPage\",\"@id\":\"https:\/\/anissahealthcoaching.de\/en\/empfehlungen\/\",\"url\":\"https:\/\/anissahealthcoaching.de\/en\/empfehlungen\/\",\"name\":\"Empfehlungen - Ani\u00dfa Health Coaching\",\"isPartOf\":{\"@id\":\"https:\/\/anissahealthcoaching.de\/#website\"},\"datePublished\":\"2022-04-05T20:25:17+00:00\",\"dateModified\":\"2025-09-28T14:23:37+00:00\",\"breadcrumb\":{\"@id\":\"https:\/\/anissahealthcoaching.de\/en\/empfehlungen\/#breadcrumb\"},\"inLanguage\":\"en-US\",\"potentialAction\":[{\"@type\":\"ReadAction\",\"target\":[\"https:\/\/anissahealthcoaching.de\/en\/empfehlungen\/\"]}]},{\"@type\":\"BreadcrumbList\",\"@id\":\"https:\/\/anissahealthcoaching.de\/en\/empfehlungen\/#breadcrumb\",\"itemListElement\":[{\"@type\":\"ListItem\",\"position\":1,\"name\":\"Home\",\"item\":\"https:\/\/anissahealthcoaching.de\/\"},{\"@type\":\"ListItem\",\"position\":2,\"name\":\"Empfehlungen\"}]},{\"@type\":\"WebSite\",\"@id\":\"https:\/\/anissahealthcoaching.de\/#website\",\"url\":\"https:\/\/anissahealthcoaching.de\/\",\"name\":\"Ani\u00dfa Health Coaching\",\"description\":\"\",\"publisher\":{\"@id\":\"https:\/\/anissahealthcoaching.de\/#organization\"},\"potentialAction\":[{\"@type\":\"SearchAction\",\"target\":{\"@type\":\"EntryPoint\",\"urlTemplate\":\"https:\/\/anissahealthcoaching.de\/?s={search_term_string}\"},\"query-input\":\"required name=search_term_string\"}],\"inLanguage\":\"en-US\"},{\"@type\":\"Organization\",\"@id\":\"https:\/\/anissahealthcoaching.de\/#organization\",\"name\":\"Ani\u00dfa Health Coaching\",\"url\":\"https:\/\/anissahealthcoaching.de\/\",\"logo\":{\"@type\":\"ImageObject\",\"inLanguage\":\"en-US\",\"@id\":\"https:\/\/anissahealthcoaching.de\/#\/schema\/logo\/image\/\",\"url\":\"https:\/\/anissahealthcoaching.de\/wp-content\/uploads\/2021\/04\/Logo.png\",\"contentUrl\":\"https:\/\/anissahealthcoaching.de\/wp-content\/uploads\/2021\/04\/Logo.png\",\"width\":181,\"height\":72,\"caption\":\"Ani\u00dfa Health Coaching\"},\"image\":{\"@id\":\"https:\/\/anissahealthcoaching.de\/#\/schema\/logo\/image\/\"}}]}<\/script>\n<!-- \/ Yoast SEO plugin. -->","yoast_head_json":{"title":"Empfehlungen - Ani\u00dfa Health Coaching","robots":{"index":"index","follow":"follow","max-snippet":"max-snippet:-1","max-image-preview":"max-image-preview:large","max-video-preview":"max-video-preview:-1"},"canonical":"https:\/\/anissahealthcoaching.de\/en\/empfehlungen\/","og_locale":"en_US","og_type":"article","og_title":"Empfehlungen - Ani\u00dfa Health Coaching","og_description":"Auf dieser Seite findet ihr meine pers\u00f6nlichen Empfehlungen, sowie die M\u00f6glichkeit einen Termin mit mir zu vereinbaren. &nbsp; Discounts und Rabatte: Norsan &#8211; Omega-3 \u00d6l Auf Erstbestellung 15% Rabatt mit Code: EN580 Auf Erstbestellung 10% Rabatt mit Code: UPPR-AHC10 Auf Folgebestellung 5% Rabatt mit Code: UPPR-AHC5 Kauf Ne Kuh &#8211; Qualit\u00e4tsfleisch: 5\u20ac Gutschein-Code auf Erstbestellung: [&hellip;]","og_url":"https:\/\/anissahealthcoaching.de\/en\/empfehlungen\/","og_site_name":"Ani\u00dfa Health Coaching","article_modified_time":"2025-09-28T14:23:37+00:00","twitter_card":"summary_large_image","twitter_misc":{"Est. reading time":"1 minute"},"schema":{"@context":"https:\/\/schema.org","@graph":[{"@type":"WebPage","@id":"https:\/\/anissahealthcoaching.de\/en\/empfehlungen\/","url":"https:\/\/anissahealthcoaching.de\/en\/empfehlungen\/","name":"Empfehlungen - Ani\u00dfa Health Coaching","isPartOf":{"@id":"https:\/\/anissahealthcoaching.de\/#website"},"datePublished":"2022-04-05T20:25:17+00:00","dateModified":"2025-09-28T14:23:37+00:00","breadcrumb":{"@id":"https:\/\/anissahealthcoaching.de\/en\/empfehlungen\/#breadcrumb"},"inLanguage":"en-US","potentialAction":[{"@type":"ReadAction","target":["https:\/\/anissahealthcoaching.de\/en\/empfehlungen\/"]}]},{"@type":"BreadcrumbList","@id":"https:\/\/anissahealthcoaching.de\/en\/empfehlungen\/#breadcrumb","itemListElement":[{"@type":"ListItem","position":1,"name":"Home","item":"https:\/\/anissahealthcoaching.de\/"},{"@type":"ListItem","position":2,"name":"Empfehlungen"}]},{"@type":"WebSite","@id":"https:\/\/anissahealthcoaching.de\/#website","url":"https:\/\/anissahealthcoaching.de\/","name":"Ani\u00dfa Health Coaching","description":"","publisher":{"@id":"https:\/\/anissahealthcoaching.de\/#organization"},"potentialAction":[{"@type":"SearchAction","target":{"@type":"EntryPoint","urlTemplate":"https:\/\/anissahealthcoaching.de\/?s={search_term_string}"},"query-input":"required name=search_term_string"}],"inLanguage":"en-US"},{"@type":"Organization","@id":"https:\/\/anissahealthcoaching.de\/#organization","name":"Ani\u00dfa Health Coaching","url":"https:\/\/anissahealthcoaching.de\/","logo":{"@type":"ImageObject","inLanguage":"en-US","@id":"https:\/\/anissahealthcoaching.de\/#\/schema\/logo\/image\/","url":"https:\/\/anissahealthcoaching.de\/wp-content\/uploads\/2021\/04\/Logo.png","contentUrl":"https:\/\/anissahealthcoaching.de\/wp-content\/uploads\/2021\/04\/Logo.png","width":181,"height":72,"caption":"Ani\u00dfa Health Coaching"},"image":{"@id":"https:\/\/anissahealthcoaching.de\/#\/schema\/logo\/image\/"}}]}},"_links":{"self":[{"href":"https:\/\/anissahealthcoaching.de\/en\/wp-json\/wp\/v2\/pages\/562"}],"collection":[{"href":"https:\/\/anissahealthcoaching.de\/en\/wp-json\/wp\/v2\/pages"}],"about":[{"href":"https:\/\/anissahealthcoaching.de\/en\/wp-json\/wp\/v2\/types\/page"}],"author":[{"embeddable":true,"href":"https:\/\/anissahealthcoaching.de\/en\/wp-json\/wp\/v2\/users\/1"}],"replies":[{"embeddable":true,"href":"https:\/\/anissahealthcoaching.de\/en\/wp-json\/wp\/v2\/comments?post=562"}],"version-history":[{"count":8,"href":"https:\/\/anissahealthcoaching.de\/en\/wp-json\/wp\/v2\/pages\/562\/revisions"}],"predecessor-version":[{"id":699,"href":"https:\/\/anissahealthcoaching.de\/en\/wp-json\/wp\/v2\/pages\/562\/revisions\/699"}],"wp:attachment":[{"href":"https:\/\/anissahealthcoaching.de\/en\/wp-json\/wp\/v2\/media?parent=562"}],"curies":[{"name":"wp","href":"https:\/\/api.w.org\/{rel}","templated":true}]}}